{"id":6,"date":"2020-10-27T11:48:37","date_gmt":"2020-10-27T10:48:37","guid":{"rendered":"http:\/\/www.aha-events.com\/wp\/?page_id=6"},"modified":"2020-10-27T11:48:37","modified_gmt":"2020-10-27T10:48:37","slug":"startseite","status":"publish","type":"page","link":"https:\/\/www.aha-events.com\/wp\/","title":{"rendered":"Startseite"},"content":{"rendered":"<div class=\"col-md-5\">\n<h3>\u00dcber Hestia<\/h3>\n<p>Du brauchst mehr Details? Bitte schau dir unsere vollst\u00e4ndige Dokumentation mit detaillierten Informationen \u00fcber die Nutzung von Hestia an.<\/p><\/div>\n<div class=\"col-md-6 col-md-offset-1\"><img decoding=\"async\" class=\"size-medium alignright\" src=\"http:\/\/www.aha-events.com\/wp\/wp-content\/themes\/hestia\/assets\/img\/about-content.png\"\/><\/div>\n","protected":false},"excerpt":{"rendered":"<p>\u00dcber Hestia Du brauchst mehr Details? Bitte schau dir unsere vollst\u00e4ndige Dokumentation mit detaillierten Informationen \u00fcber die Nutzung von Hestia an.<\/p>\n","protected":false},"author":1,"featured_media":0,"parent":0,"menu_order":0,"comment_status":"closed","ping_status":"closed","template":"","meta":[],"yoast_head":"<!-- This site is optimized with the Yoast SEO plugin v21.1 - https:\/\/yoast.com\/wordpress\/plugins\/seo\/ -->\n<title>Startseite - AHA<\/title>\n<meta name=\"robots\" content=\"index, follow, max-snippet:-1, max-image-preview:large, max-video-preview:-1\" \/>\n<link rel=\"canonical\" href=\"https:\/\/www.aha-events.com\/wp\/\" \/>\n<meta property=\"og:locale\" content=\"de_DE\" \/>\n<meta property=\"og:type\" content=\"article\" \/>\n<meta property=\"og:title\" content=\"Startseite - AHA\" \/>\n<meta property=\"og:description\" content=\"\u00dcber Hestia Du brauchst mehr Details? Bitte schau dir unsere vollst\u00e4ndige Dokumentation mit detaillierten Informationen \u00fcber die Nutzung von Hestia an.\" \/>\n<meta property=\"og:url\" content=\"https:\/\/www.aha-events.com\/wp\/\" \/>\n<meta property=\"og:site_name\" content=\"AHA\" \/>\n<meta property=\"og:image\" content=\"http:\/\/www.aha-events.com\/wp\/wp-content\/themes\/hestia\/assets\/img\/about-content.png\" \/>\n<meta name=\"twitter:card\" content=\"summary_large_image\" \/>\n<script type=\"application\/ld+json\" class=\"yoast-schema-graph\">{\"@context\":\"https:\/\/schema.org\",\"@graph\":[{\"@type\":\"WebPage\",\"@id\":\"https:\/\/www.aha-events.com\/wp\/\",\"url\":\"https:\/\/www.aha-events.com\/wp\/\",\"name\":\"Startseite - AHA\",\"isPartOf\":{\"@id\":\"https:\/\/www.aha-events.com\/wp\/#website\"},\"datePublished\":\"2020-10-27T10:48:37+00:00\",\"dateModified\":\"2020-10-27T10:48:37+00:00\",\"breadcrumb\":{\"@id\":\"https:\/\/www.aha-events.com\/wp\/#breadcrumb\"},\"inLanguage\":\"de\",\"potentialAction\":[{\"@type\":\"ReadAction\",\"target\":[\"https:\/\/www.aha-events.com\/wp\/\"]}]},{\"@type\":\"BreadcrumbList\",\"@id\":\"https:\/\/www.aha-events.com\/wp\/#breadcrumb\",\"itemListElement\":[{\"@type\":\"ListItem\",\"position\":1,\"name\":\"Startseite\",\"item\":\"https:\/\/www.aha-events.com\/wp\/\"},{\"@type\":\"ListItem\",\"position\":2,\"name\":\"Startseite\"}]},{\"@type\":\"WebSite\",\"@id\":\"https:\/\/www.aha-events.com\/wp\/#website\",\"url\":\"https:\/\/www.aha-events.com\/wp\/\",\"name\":\"AHA\",\"description\":\"Exklusive Produkte weltweit Werbeartikel \u00b7 Events \u00b7 Management \u00b7 Messen\",\"publisher\":{\"@id\":\"https:\/\/www.aha-events.com\/wp\/#organization\"},\"potentialAction\":[{\"@type\":\"SearchAction\",\"target\":{\"@type\":\"EntryPoint\",\"urlTemplate\":\"https:\/\/www.aha-events.com\/wp\/?s={search_term_string}\"},\"query-input\":\"required name=search_term_string\"}],\"inLanguage\":\"de\"},{\"@type\":\"Organization\",\"@id\":\"https:\/\/www.aha-events.com\/wp\/#organization\",\"name\":\"AHA\",\"url\":\"https:\/\/www.aha-events.com\/wp\/\",\"logo\":{\"@type\":\"ImageObject\",\"inLanguage\":\"de\",\"@id\":\"https:\/\/www.aha-events.com\/wp\/#\/schema\/logo\/image\/\",\"url\":\"https:\/\/www.aha-events.com\/wp\/wp-content\/uploads\/2020\/10\/logo.gif\",\"contentUrl\":\"https:\/\/www.aha-events.com\/wp\/wp-content\/uploads\/2020\/10\/logo.gif\",\"width\":350,\"height\":76,\"caption\":\"AHA\"},\"image\":{\"@id\":\"https:\/\/www.aha-events.com\/wp\/#\/schema\/logo\/image\/\"}}]}<\/script>\n<!-- \/ Yoast SEO plugin. -->","yoast_head_json":{"title":"Startseite - AHA","robots":{"index":"index","follow":"follow","max-snippet":"max-snippet:-1","max-image-preview":"max-image-preview:large","max-video-preview":"max-video-preview:-1"},"canonical":"https:\/\/www.aha-events.com\/wp\/","og_locale":"de_DE","og_type":"article","og_title":"Startseite - AHA","og_description":"\u00dcber Hestia Du brauchst mehr Details? Bitte schau dir unsere vollst\u00e4ndige Dokumentation mit detaillierten Informationen \u00fcber die Nutzung von Hestia an.","og_url":"https:\/\/www.aha-events.com\/wp\/","og_site_name":"AHA","og_image":[{"url":"http:\/\/www.aha-events.com\/wp\/wp-content\/themes\/hestia\/assets\/img\/about-content.png"}],"twitter_card":"summary_large_image","schema":{"@context":"https:\/\/schema.org","@graph":[{"@type":"WebPage","@id":"https:\/\/www.aha-events.com\/wp\/","url":"https:\/\/www.aha-events.com\/wp\/","name":"Startseite - AHA","isPartOf":{"@id":"https:\/\/www.aha-events.com\/wp\/#website"},"datePublished":"2020-10-27T10:48:37+00:00","dateModified":"2020-10-27T10:48:37+00:00","breadcrumb":{"@id":"https:\/\/www.aha-events.com\/wp\/#breadcrumb"},"inLanguage":"de","potentialAction":[{"@type":"ReadAction","target":["https:\/\/www.aha-events.com\/wp\/"]}]},{"@type":"BreadcrumbList","@id":"https:\/\/www.aha-events.com\/wp\/#breadcrumb","itemListElement":[{"@type":"ListItem","position":1,"name":"Startseite","item":"https:\/\/www.aha-events.com\/wp\/"},{"@type":"ListItem","position":2,"name":"Startseite"}]},{"@type":"WebSite","@id":"https:\/\/www.aha-events.com\/wp\/#website","url":"https:\/\/www.aha-events.com\/wp\/","name":"AHA","description":"Exklusive Produkte weltweit Werbeartikel \u00b7 Events \u00b7 Management \u00b7 Messen","publisher":{"@id":"https:\/\/www.aha-events.com\/wp\/#organization"},"potentialAction":[{"@type":"SearchAction","target":{"@type":"EntryPoint","urlTemplate":"https:\/\/www.aha-events.com\/wp\/?s={search_term_string}"},"query-input":"required name=search_term_string"}],"inLanguage":"de"},{"@type":"Organization","@id":"https:\/\/www.aha-events.com\/wp\/#organization","name":"AHA","url":"https:\/\/www.aha-events.com\/wp\/","logo":{"@type":"ImageObject","inLanguage":"de","@id":"https:\/\/www.aha-events.com\/wp\/#\/schema\/logo\/image\/","url":"https:\/\/www.aha-events.com\/wp\/wp-content\/uploads\/2020\/10\/logo.gif","contentUrl":"https:\/\/www.aha-events.com\/wp\/wp-content\/uploads\/2020\/10\/logo.gif","width":350,"height":76,"caption":"AHA"},"image":{"@id":"https:\/\/www.aha-events.com\/wp\/#\/schema\/logo\/image\/"}}]}},"_links":{"self":[{"href":"https:\/\/www.aha-events.com\/wp\/wp-json\/wp\/v2\/pages\/6"}],"collection":[{"href":"https:\/\/www.aha-events.com\/wp\/wp-json\/wp\/v2\/pages"}],"about":[{"href":"https:\/\/www.aha-events.com\/wp\/wp-json\/wp\/v2\/types\/page"}],"author":[{"embeddable":true,"href":"https:\/\/www.aha-events.com\/wp\/wp-json\/wp\/v2\/users\/1"}],"replies":[{"embeddable":true,"href":"https:\/\/www.aha-events.com\/wp\/wp-json\/wp\/v2\/comments?post=6"}],"version-history":[{"count":1,"href":"https:\/\/www.aha-events.com\/wp\/wp-json\/wp\/v2\/pages\/6\/revisions"}],"predecessor-version":[{"id":9,"href":"https:\/\/www.aha-events.com\/wp\/wp-json\/wp\/v2\/pages\/6\/revisions\/9"}],"wp:attachment":[{"href":"https:\/\/www.aha-events.com\/wp\/wp-json\/wp\/v2\/media?parent=6"}],"curies":[{"name":"wp","href":"https:\/\/api.w.org\/{rel}","templated":true}]}}